{"id":2,"date":"2025-08-20T09:13:40","date_gmt":"2025-08-20T09:13:40","guid":{"rendered":"https:\/\/profile-productions.ch\/?page_id=2"},"modified":"2025-08-20T13:27:21","modified_gmt":"2025-08-20T13:27:21","slug":"sample-page","status":"publish","type":"page","link":"https:\/\/profile-productions.ch\/","title":{"rendered":"Home"},"content":{"rendered":"\t\t<div data-elementor-type=\"wp-page\" data-elementor-id=\"2\" class=\"elementor elementor-2\">\n\t\t\t\t<div class=\"elementor-element elementor-element-dadd265 e-flex e-con-boxed e-con e-parent\" data-id=\"dadd265\" data-element_type=\"container\" data-e-type=\"container\">\n\t\t\t\t\t<div class=\"e-con-inner\">\n\t\t\t\t<div class=\"elementor-element elementor-element-4708523 animated-slow elementor-invisible elementor-widget elementor-widget-image\" data-id=\"4708523\" data-element_type=\"widget\" data-e-type=\"widget\" data-settings=\"{&quot;_animation&quot;:&quot;fadeInDown&quot;,&quot;_animation_delay&quot;:500}\" data-widget_type=\"image.default\">\n\t\t\t\t\t\t\t\t\t\t\t\t\t\t\t<img fetchpriority=\"high\" decoding=\"async\" width=\"768\" height=\"1066\" src=\"https:\/\/profile-productions.ch\/wp-content\/uploads\/2025\/08\/Profile_logo_farb_ve-768x1066.png\" class=\"attachment-medium_large size-medium_large wp-image-10\" alt=\"\" srcset=\"https:\/\/profile-productions.ch\/wp-content\/uploads\/2025\/08\/Profile_logo_farb_ve-768x1066.png 768w, https:\/\/profile-productions.ch\/wp-content\/uploads\/2025\/08\/Profile_logo_farb_ve-216x300.png 216w, https:\/\/profile-productions.ch\/wp-content\/uploads\/2025\/08\/Profile_logo_farb_ve-738x1024.png 738w, https:\/\/profile-productions.ch\/wp-content\/uploads\/2025\/08\/Profile_logo_farb_ve.png 1000w\" sizes=\"(max-width: 768px) 100vw, 768px\" \/>\t\t\t\t\t\t\t\t\t\t\t\t\t\t\t<\/div>\n\t\t\t\t<div class=\"elementor-element elementor-element-601d62c elementor-invisible elementor-widget elementor-widget-heading\" data-id=\"601d62c\" data-element_type=\"widget\" data-e-type=\"widget\" data-settings=\"{&quot;_animation&quot;:&quot;fadeIn&quot;,&quot;_animation_delay&quot;:1000}\" data-widget_type=\"heading.default\">\n\t\t\t\t\t<h2 class=\"elementor-heading-title elementor-size-default\">Hello and Goodbye!<\/h2>\t\t\t\t<\/div>\n\t\t\t\t<div class=\"elementor-element elementor-element-7304ff3a elementor-invisible elementor-widget elementor-widget-text-editor\" data-id=\"7304ff3a\" data-element_type=\"widget\" data-e-type=\"widget\" data-settings=\"{&quot;_animation&quot;:&quot;fadeIn&quot;,&quot;_animation_delay&quot;:1500}\" data-widget_type=\"text-editor.default\">\n\t\t\t\t\t\t\t\t\t<p><strong>Profile Productions ist Geschichte.<\/strong><\/p><p><span style=\"color: #333333;\">Nach 46 Jahren Kulturarbeit hat sich dieses Kapitel 2023 geschlossen. Es war eine grossartige Zeit mit wunderbaren Begegnungen und unvergesslichen Events und Konzerten. Danke allen, die dazu mitgeholfen und beigetragen haben.<br \/>Mit herzlichen Gr\u00fcssen und den besten W\u00fcnschen f\u00fcr Euch alle<\/span><\/p><p>Jean-Daniel von Lerber<\/p><p><!-- \/wp:paragraph --><\/p>\t\t\t\t\t\t\t\t<\/div>\n\t\t\t\t<div class=\"elementor-element elementor-element-76ed316 elementor-invisible elementor-widget elementor-widget-text-editor\" data-id=\"76ed316\" data-element_type=\"widget\" data-e-type=\"widget\" data-settings=\"{&quot;_animation&quot;:&quot;fadeIn&quot;,&quot;_animation_delay&quot;:1800}\" data-widget_type=\"text-editor.default\">\n\t\t\t\t\t\t\t\t\t<p><strong>Profile Productions is history.<\/strong><\/p><p>After 46 years of cultural work, this chapter came to a close in 2023. It was a wonderful time with amazing encounters and unforgettable events and concerts. Thank you to everyone who helped and contributed.<br \/>With warm regards and best wishes to you all,<\/p><p>Jean-Daniel von Lerber<\/p><p><!-- \/wp:paragraph --><\/p>\t\t\t\t\t\t\t\t<\/div>\n\t\t\t\t<div class=\"elementor-element elementor-element-56f4f91 elementor-align-center elementor-invisible elementor-widget elementor-widget-button\" data-id=\"56f4f91\" data-element_type=\"widget\" data-e-type=\"widget\" data-settings=\"{&quot;_animation&quot;:&quot;fadeInUp&quot;,&quot;_animation_delay&quot;:1600}\" data-widget_type=\"button.default\">\n\t\t\t\t\t\t\t\t\t\t<a class=\"elementor-button elementor-button-link elementor-size-sm elementor-animation-grow\" href=\"mailto:jeandaniel.vonlerber@gmail.com\">\n\t\t\t\t\t\t<span class=\"elementor-button-content-wrapper\">\n\t\t\t\t\t\t<span class=\"elementor-button-icon\">\n\t\t\t\t<svg aria-hidden=\"true\" class=\"e-font-icon-svg e-far-paper-plane\" viewBox=\"0 0 512 512\" xmlns=\"http:\/\/www.w3.org\/2000\/svg\"><path d=\"M440 6.5L24 246.4c-34.4 19.9-31.1 70.8 5.7 85.9L144 379.6V464c0 46.4 59.2 65.5 86.6 28.6l43.8-59.1 111.9 46.2c5.9 2.4 12.1 3.6 18.3 3.6 8.2 0 16.3-2.1 23.6-6.2 12.8-7.2 21.6-20 23.9-34.5l59.4-387.2c6.1-40.1-36.9-68.8-71.5-48.9zM192 464v-64.6l36.6 15.1L192 464zm212.6-28.7l-153.8-63.5L391 169.5c10.7-15.5-9.5-33.5-23.7-21.2L155.8 332.6 48 288 464 48l-59.4 387.3z\"><\/path><\/svg>\t\t\t<\/span>\n\t\t\t\t\t\t\t\t\t<span class=\"elementor-button-text\">E-Mail <\/span>\n\t\t\t\t\t<\/span>\n\t\t\t\t\t<\/a>\n\t\t\t\t\t\t\t\t<\/div>\n\t\t\t\t\t<\/div>\n\t\t\t\t<\/div>\n\t\t\t\t<\/div>\n\t\t","protected":false},"excerpt":{"rendered":"<p>Hello and Goodbye! Profile Productions ist Geschichte. Nach 46 Jahren Kulturarbeit hat sich dieses Kapitel 2023 geschlossen. Es war eine grossartige Zeit mit wunderbaren Begegnungen und unvergesslichen Events und Konzerten. Danke allen, die dazu mitgeholfen und beigetragen haben. Mit herzlichen Gr\u00fcssen und den besten W\u00fcnschen f\u00fcr Euch alle Jean-Daniel von Lerber Profile Productions is history. [&hellip;]<\/p>\n","protected":false},"author":1,"featured_media":0,"parent":0,"menu_order":0,"comment_status":"closed","ping_status":"closed","template":"elementor_canvas","meta":{"footnotes":""},"class_list":["post-2","page","type-page","status-publish","hentry"],"_links":{"self":[{"href":"https:\/\/profile-productions.ch\/index.php\/wp-json\/wp\/v2\/pages\/2","targetHints":{"allow":["GET"]}}],"collection":[{"href":"https:\/\/profile-productions.ch\/index.php\/wp-json\/wp\/v2\/pages"}],"about":[{"href":"https:\/\/profile-productions.ch\/index.php\/wp-json\/wp\/v2\/types\/page"}],"author":[{"embeddable":true,"href":"https:\/\/profile-productions.ch\/index.php\/wp-json\/wp\/v2\/users\/1"}],"replies":[{"embeddable":true,"href":"https:\/\/profile-productions.ch\/index.php\/wp-json\/wp\/v2\/comments?post=2"}],"version-history":[{"count":24,"href":"https:\/\/profile-productions.ch\/index.php\/wp-json\/wp\/v2\/pages\/2\/revisions"}],"predecessor-version":[{"id":46,"href":"https:\/\/profile-productions.ch\/index.php\/wp-json\/wp\/v2\/pages\/2\/revisions\/46"}],"wp:attachment":[{"href":"https:\/\/profile-productions.ch\/index.php\/wp-json\/wp\/v2\/media?parent=2"}],"curies":[{"name":"wp","href":"https:\/\/api.w.org\/{rel}","templated":true}]}}